{"id":353,"date":"2018-06-01T14:52:01","date_gmt":"2018-06-01T12:52:01","guid":{"rendered":"https:\/\/gmvv.eu\/?page_id=353"},"modified":"2018-06-25T15:09:59","modified_gmt":"2018-06-25T13:09:59","slug":"data-protection-policy","status":"publish","type":"page","link":"https:\/\/gmvv.eu\/it\/data-protection-policy","title":{"rendered":"PROTEZIONE DEI DATI"},"content":{"rendered":"<h2>PROTEZIONE DEI DATI<\/h2>\n<p>GMVV &amp; Co. GmbH si \u00e8 impegnata a proteggere il pi\u00f9 possibile la privacy dei propri clienti anche prima dell&#8217;entrata in vigore del regolamento generale sulla protezione dei dati (RGPD). Ci\u00f2 include in particolare la protezione dei dati personali.<\/p>\n<p>I dati personali ottenuti nell&#8217;ambito delle attivit\u00e0 di GMVV &amp; Co. GmbH sono raccolti ed elaborati solo nella misura necessaria per l&#8217;esecuzione del servizio concordato contrattualmente. Ulteriori informazioni sull&#8217;attuazione dei requisiti del RGPD all&#8217;interno di GMVV &amp; Co. GmbH sono disponibili nel seguente testo.<\/p>\n<p>&nbsp;<\/p>\n<ol>\n<li>Informazioni sulla raccolta di dati personali<\/li>\n<\/ol>\n<p>1) Di seguito sono fornite alcune informazioni sulla raccolta dei dati personali durante l&#8217;utilizzo del nostro sito web. Per dati personali si intendono tutti i dati che possono essere riferiti a una persona identificabile (ad esempio nome, indirizzo, indirizzo e-mail, comportamento dell&#8217;utente).<\/p>\n<p>(2) I titolari del trattamento ai sensi dell\u2019articolo 4, paragrafo 7 del Regolamento generale sulla protezione dei dati (RGPD), sono il dott. Michele Sciurba e Nicole Thamm (Bergesgrundweg 3, 60599 Francoforte, Germania, +49 (0) 69 68091920, <a href=\"mailto:office@gmvv.eu\">office@gmvv.eu<\/a>).<\/p>\n<p>(3) Per chi ci contattasse via e-mail, le informazioni fornite (indirizzo e-mail, nome e numero di telefono) saranno archiviate per rispondere ad eventuali domande. I dati raccolti in questo contesto saranno eliminati quando l&#8217;archiviazione non sar\u00e0 pi\u00f9 necessaria, o ne sar\u00e0 limitato il trattamento quando sussistano obblighi di conservazione previsti dalla legge.<\/p>\n<p>(4) Qualora intendessimo avvalerci di fornitori di servizi per determinate funzioni offerte, o intendessimo utilizzare i dati degli utenti per scopi promozionali, provvederemo a fornire informazioni dettagliate in merito alle rispettive transazioni. Provvederemo contestualmente a indicare anche i criteri stabiliti per la durata di archiviazione dei dati.<\/p>\n<p>&nbsp;<\/p>\n<ol start=\"2\">\n<li>Dritti degli utenti<\/li>\n<\/ol>\n<p>(1) diritti dell&#8217;utente relativamente ai suoi dati personali sono i seguenti:<\/p>\n<ul>\n<li>diritto all&#8217;informazione<\/li>\n<li>diritto alla rettifica o alla cancellazione<\/li>\n<li>diritto alla limitazione del trattamento<\/li>\n<li>diritto di opporsi al trattamento<\/li>\n<li>Diritto alla portabilit\u00e0 dei dati.<\/li>\n<\/ul>\n<p>(2) L\u2019utente ha inoltre diritto a sporgere un reclamo sul trattamento dei suoi dati personali presso un&#8217;autorit\u00e0 di controllo competente.<\/p>\n<p>&nbsp;<\/p>\n<ol start=\"3\">\n<li>Raccolta di dati personali quando si visita il nostro sito Web<\/li>\n<\/ol>\n<p>(1) In caso di uso puramente informativo del sito web, saranno raccolti solo i dati personali che il vostro browser trasmetter\u00e0 al nostro server. In caso di consultazione attiva del \u00a0nostro sito web, raccoglieremo i seguenti dati, che sono tecnicamente necessari per consentire di visualizzare il nostro sito web e per garantirne la stabilit\u00e0 e la sicurezza (ai sensi dell\u00b4articolo 6, paragrafo 1, lettera f del RGPD):<\/p>\n<ul>\n<li>Indirizzo IP<\/li>\n<li>Data e ora della richiesta<\/li>\n<li>Differenza di fuso orario rispetto all&#8217;ora di Greenwich (GMT)<\/li>\n<li>Contenuto della richiesta (pagina concreta)<\/li>\n<li>Stato di accesso \/ codice di stato HTTP<\/li>\n<li>Quantit\u00e0 di dati trasmessa<\/li>\n<li>Sito web da cui proviene la richiesta<\/li>\n<li>Browser<\/li>\n<li>Sistema operativo e relativa interfaccia<\/li>\n<li>Lingua e versione del software del browser.<\/li>\n<\/ul>\n<p>(2) Oltre ai suddetti dati, durante l&#8217;uso del nostro sito web saranno memorizzati dei cookie sul computer dell&#8217;utente. I cookie sono piccoli file di testo che vengono memorizzati sul disco rigido dell&#8217;utente attraverso il browser, tramite i quali vengono inviate determinate informazioni alla posizione ad essi associata (da parte nostra). I cookie non possono eseguire programmi o trasmettere virus al computer dell&#8217;utente. Il loro scopo \u00e8 rendere il servizio offerto via Internet complessivamente pi\u00f9 pratico ed efficace.<\/p>\n<p>(3) Uso dei cookie:<\/p>\n<p>a) Questo sito web utilizza i seguenti tipi di cookie, il cui ambito di azione e il cui funzionamento sono spiegati di seguito:<\/p>\n<ul>\n<li>Cookie temporanei (punto b),<\/li>\n<li>cookie persistenti (punto c).<\/li>\n<\/ul>\n<p>b) I cookie temporanei vengono cancellati automaticamente alla chiusura del browser. A questo gruppo appartengono in particolare i cookie di sessione. I cookie temporanei memorizzano un cosiddetto ID di sessione, con il quale \u00e8 possibile associare varie richieste del browser a una medesima sessione, e consentono il riconoscimento del computer dell&#8217;utente alle sue visite successive al nostro sito web. I cookie di sessione vengono cancellati all&#8217;uscita dal nostro sito o alla chiusura del browser.<\/p>\n<p>c) I cookie persistenti vengono cancellati automaticamente dopo un periodo prestabilito, che pu\u00f2 variare in base ai cookie. I cookie possono essere eliminati in qualsiasi momento attraverso le impostazioni di sicurezza del browser.<\/p>\n<p>d)\u00a0\u00c8 possibile configurare le impostazioni del browser in base alle proprie esigenze, ad esempio rifiutando l&#8217;accettazione di cookie di terzi o di tutti i cookie. Si osservi tuttavia che, in tal caso, non saranno probabilmente disponibili tutte le funzionalit\u00e0 del sito web.<\/p>\n<p>&nbsp;<\/p>\n<ol start=\"4\">\n<li>Quali fonti e dati utilizziamo<\/li>\n<\/ol>\n<p>Trattiamo i dati personali che riceviamo dai nostri clienti nell\u2019ambito della nostra relazione d\u2019affari. Inoltre, elaboriamo \u2013 laddove necessario per fornire i nostri servizi \u2013 \u00a0i dati personali che otteniamo dalle fonti pubbliche liberamente accessibili (p. es. registri di commercio e di associazioni, stampa, internet) che ci vengono trasmessi da altre societ\u00e0 o da terzi.<\/p>\n<p>I dati rilevanti sono informazioni personali (p. es. \u00a0nome, indirizzo e altri dati di contatto, data e luogo di nascita e nazionalit\u00e0), credenziali (ad esempio i dati identificativi) e dati di autenticazione. Inoltre, questi possono includere dati di ordini, dati derivanti dall&#8217;adempimento dei nostri obblighi contrattuali, dati di documentazione (p. es. registro chiamate) nonch\u00e9 altri dati analoghi alle categorie menzionate.<\/p>\n<p>&nbsp;<\/p>\n<ol start=\"5\">\n<li>Perch\u00e9 trattiamo i vostri dati (finalit\u00e0 del trattamento) e su quale base legale?<\/li>\n<\/ol>\n<p>Elaboriamo i dati personali in conformit\u00e0 con le disposizioni del regolamento europeo sulla protezione dei dati (RGPD) e la legge federale sulla protezione dei dati (Bundesdatenschutzgesetz, o \u201cnuovo BDSG\u201d):<\/p>\n<p><u>a) Per l&#8217;adempimento degli obblighi contrattuali (articolo 6, paragrafo 1, lettera b del RGPD)<\/u><\/p>\n<p>Il trattamento dei dati viene effettuato per fornire servizi di consulenza e intermediazione finanziaria nel contesto dell\u2019esecuzione dei nostri contratti con i nostri clienti o delle misure precontrattuali, che vengono eseguite su richiesta, e in connessione con il commercio di diamanti grezzi e tagliati. Le finalit\u00e0 del trattamento dei dati si basano principalmente sui requisiti specifici dei contratti e possono includere, a titolo esemplificativo ma non esaustivo, analisi delle esigenze, consulenza ed esecuzione delle transazioni.<\/p>\n<p><u>b) Nel contesto degli interessi di bilanciamento (articolo 6, paragrafo 1, lettera f del RGPD)<\/u><\/p>\n<p>Se necessario, elaboriamo i vostri dati oltre l&#8217;effettivo adempimento del contratto per la tutela dei nostri interessi legittimi o di terzi.<\/p>\n<p>Esempi:<\/p>\n<ul>\n<li>Esame e ottimizzazione delle procedure di analisi dei requisiti al fine di indirizzare i clienti<\/li>\n<li>Esecuzione di azioni legali e difesa in controversie legali<\/li>\n<li>Garanzia di sicurezza IT e funzionamento IT di GMVV &amp; Co. GmbH<\/li>\n<li>Prevenzione e indagine su reati<\/li>\n<li>Misure di gestione aziendale e di sviluppo del servizio<\/li>\n<\/ul>\n<p>c)\u00a0<u>Sulla base del consenso dell&#8217;utente (articolo 6, paragrafo 1, lettera a del RGPD)<\/u><\/p>\n<p>Nella misura in cui avete fornito il consenso al trattamento dei vostri dati personali per scopi specifici, la legalit\u00e0 di questo trattamento \u00e8 basata sul vostro consenso. Un determinato consenso pu\u00f2 essere revocato in qualsiasi momento. Ci\u00f2 vale anche per la revoca delle dichiarazioni di consenso, che ci sono state rilasciate prima della validit\u00e0 del RGPD, vale a dire prima del 25 maggio 2018. La revoca del consenso non pregiudica la legalit\u00e0 dei dati trattati fino alla revoca.<\/p>\n<p><u>d) A causa dei requisiti legali (articolo 6, paragrafo 1, lettera c del RGPD) o nell&#8217;interesse pubblico (articolo 6, paragrafo 1, lettera e del RGPD)<\/u><\/p>\n<p>Inoltre, come GMVV &amp; Co. GmbH siamo soggetti a vari requisiti e obblighi legali, come la legge sul riciclaggio di denaro, e i requisiti legali del codice industriale (GewO) sulla base dell&#8217;autorizzazione ai sensi del \u00a7 34c (1) (1) (2) e l&#8217;approvazione ai sensi dell&#8217;articolo 38 (GewO).<\/p>\n<p>Le finalit\u00e0 del trattamento comprendono, a titolo esemplificativo ma non esaustivo, la verifica dell&#8217;identit\u00e0, i controlli antifrode e antiriciclaggio, l&#8217;adempimento degli obblighi di segnalazione.<\/p>\n<ol start=\"6\">\n<li>Chi riceve i vostri dati?<\/li>\n<\/ol>\n<p>All&#8217;interno di GMVV &amp; Co. GmbH, hanno accesso ai vostri dati quei soggetti che devono adempiere ai nostri obblighi contrattuali e legali. Anche i nostri fornitori di servizi e gli agenti ausiliari possono ricevere dati per questi scopi, nel caso in cui in precedenza abbiate firmato un accordo di riservatezza legalmente vincolante e abbiate concluso un contratto di elaborazione del contratto con noi. Si tratta di societ\u00e0 appartenenti alle categorie di servizi finanziari, servizi IT, logistica, servizi di stampa, telecomunicazioni, recupero crediti, consulenza e consulenza legale nonch\u00e9 vendite e marketing.<\/p>\n<p>Per quanto riguarda il trasferimento dei dati a destinatari esterni alla GMVV &amp; Co. GmbH, va innanzitutto ricordato che come GMVV &amp; Co. GmbH generalmente manteniamo la segretezza su tutti i fatti e le valutazioni relative ai clienti, dei quali acquisiamo conoscenza. Divulghiamo informazioni sui nostri clienti solo se richiesto dalla legge, se avete dato il vostro consenso o se siamo stati espressamente autorizzati a fornire informazioni. A queste condizioni, i destinatari dei dati personali possono essere, ad es.:<\/p>\n<ul>\n<li>Enti pubblici e istituzioni (ad esempio, autorit\u00e0 di vigilanza finanziaria federale, autorit\u00e0 bancaria europea, autorit\u00e0 fiscali, autorit\u00e0 preposte all\u2019applicazione della legge) in presenza di un obbligo legale o regolamentare.<\/li>\n<li>Altri istituti di credito e \u00a0servizi finanziari o entit\u00e0 simili alle quali trasferiamo dati personali per l\u2019esecuzione del rapporto commerciale con l&#8217;utente (ad esempio banche corrispondenti, banche depositarie, borse o agenzie di riferimento di credito, a seconda del contratto).<\/li>\n<li>Altre societ\u00e0 in virt\u00f9 di un obbligo legale o amministrativo.<\/li>\n<\/ul>\n<p>Altri destinatari dei dati potrebbero essere quelli per i quali ci avete fornito il vostro consenso al trasferimento ei dati.<\/p>\n<p>&nbsp;<\/p>\n<ol start=\"7\">\n<li>I dati sono trasmessi a un paese terzo o an un &#8216;organizzazione internazionale?<\/li>\n<\/ol>\n<p>Il trasferimento di dati verso uffici in paesi al di fuori dell&#8217;Unione Europea (i cosiddetti paesi terzi) avviene, per quanto possibile quando<\/p>\n<ul>\n<li>\u00e8 necessario per l&#8217;espletamento dei vostri ordini o per l&#8217;esecuzione concordata del \u00a0\u00a0\u00a0contratto<\/li>\n<li>\u00e8 richiesto dalla legge o<\/li>\n<li>ci abbiate dato il vostro consenso.<\/li>\n<\/ul>\n<p>Inoltre, la nostra societ\u00e0 non trasferisce alcun dato personale a paesi terzi o organizzazioni internazionali. Per alcune attivit\u00e0, tuttavia, utilizziamo fornitori di servizi che a loro volta utilizzano altri fornitori di servizi che possono avere la propria sede centrale, la societ\u00e0 madre o il data center in un paese terzo. Un trasferimento \u00e8 autorizzato se la Commissione europea ha deciso che esiste un livello adeguato di protezione in un paese terzo (articolo 45 RGPD). Se la Commissione non ha preso tale decisione, la nostra societ\u00e0 o il fornitore di servizi pu\u00f2 trasferire dati personali solo a un paese terzo o ad un&#8217;organizzazione internazionale, a condizione che vengano fornite garanzie adeguate (ad esempio clausole standard sulla protezione dei dati introdotte dalla Commissione o dall&#8217;autorit\u00e0 di vigilanza in una procedura specifica) e sono disponibili diritti applicabili e rimedi efficaci. La nostra azienda ha contrattualmente concordato con questi fornitori di servizi che devono sempre concludere contratti di elaborazione dei contratti con i loro partner contrattuali per conformarsi al livello europeo di protezione dei dati.<\/p>\n<p>&nbsp;<\/p>\n<ol start=\"8\">\n<li>Per quanto tempo sono archiviati i vostri dati?<\/li>\n<\/ol>\n<p>Elaboreremo e archivieremo i vostri dati personali per tutto il tempo necessario per l&#8217;adempimento dei nostri obblighi contrattuali e legali. Va tenuto presente che il nostro rapporto commerciale costituisce un\u2019obbligazione a lungo termine. Ci\u00f2 include l&#8217;avvio e l&#8217;esecuzione di un contratto. Se non sono pi\u00f9 necessari per l&#8217;adempimento degli obblighi contrattuali o di legge,\u00a0 i dati vengono cancellati, a meno che il loro trattamento temporaneo non sia necessario per i seguenti scopi:<\/p>\n<ul>\n<li>Adempimento degli obblighi di conservazione commerciale e fiscale: il codice commerciale (HGB), il codice fiscale tedesco (AO), la legge bancaria tedesca (KWG), la legge sul riciclaggio di denaro (GwG) e la legge sul commercio di titoli tedesco (WpHG). Le scadenze per la conservazione e la documentazione sono da due a dieci anni.<\/li>\n<li>Conservazione delle prove secondo le disposizioni legali relative ai termini di prescrizione. Secondo \u00a7\u00a7195 ff. del codice civile (BGB), questi termini di prescrizione possono durare fino a 30 anni, mentre il periodo di prescrizione regolare \u00e8 di tre anni.<\/li>\n<\/ul>\n<p>&nbsp;<\/p>\n<p>Informazioni sul diritto di opposizione ai sensi dell&#8217;articolo 21 del regolamento generale sulla protezione dei dati (RGPD)<\/p>\n<p>In qualit\u00e0 di utente ha il diritto di opporsi in qualsiasi momento al trattamento dei dati personali che la riguardano ai sensi dell&#8217;articolo 6, paragrafo 1 lettera e del RGPD (elaborazione dei dati nell&#8217;interesse pubblico) e articolo 6 paragrafo 1 lettera f del RGPD (elaborazione dei dati basata su un equilibrio di interessi).<\/p>\n<p>In caso di contestazione, non elaboreremo pi\u00f9 le sue informazioni personali a meno che non siamo in grado di stabilire validi motivi legittimi per l&#8217;elaborazione che prevalgono sui vostri interessi, diritti e libert\u00e0, o il trattamento abbia lo scopo di far valere, esercitare o difendere reclami legali.<\/p>\n<p>&nbsp;<\/p>\n<p>L&#8217;obiezione pu\u00f2 essere formulata in forma libera e indirizzata a una delle seguenti opzioni di contatto:<\/p>\n<p>GMVV &amp; Co. GmbH \/ Consulenza aziendale<\/p>\n<p>Bergesgrundweg 3, 60599 Francoforte, Germania<\/p>\n<p>Telefono: +49 (0) 69 68091920<\/p>\n<p>E-Mail: office@gmvv.eu<\/p>\n<p>Si prega di utilizzare i dati di contatto forniti per evitare incomprensioni o chiarire eventuali dubbi.<\/p>\n<p>&nbsp;<\/p>\n<p>Da Maggio 2018<\/p>\n<p>&nbsp;<\/p>\n","protected":false},"excerpt":{"rendered":"<p>PROTEZIONE DEI DATI GMVV &amp; Co. GmbH si \u00e8 impegnata a proteggere il pi\u00f9 possibile la privacy dei propri clienti anche prima dell&#8217;entrata in vigore del regolamento generale sulla protezione dei dati (RGPD). Ci\u00f2 include in particolare la protezione dei dati personali. I dati personali ottenuti nell&#8217;ambito delle attivit\u00e0 di GMVV &amp; Co. GmbH sono [&hellip;]<\/p>\n","protected":false},"author":2,"featured_media":0,"parent":0,"menu_order":0,"comment_status":"closed","ping_status":"closed","template":"","meta":[],"acf":[],"yoast_head":"<!-- This site is optimized with the Yoast SEO plugin v20.1 - https:\/\/yoast.com\/wordpress\/plugins\/seo\/ -->\n<title>PROTEZIONE DEI DATI - GMVV &amp; Co. GmbH - STRATEGIC THINK TANK COMPANY \/ NGO \/ GOVERNMMENT<\/title>\n<meta name=\"robots\" content=\"index, follow, max-snippet:-1, max-image-preview:large, max-video-preview:-1\" \/>\n<link rel=\"canonical\" href=\"https:\/\/gmvv.eu\/it\/data-protection-policy\" \/>\n<meta property=\"og:locale\" content=\"it_IT\" \/>\n<meta property=\"og:type\" content=\"article\" \/>\n<meta property=\"og:title\" content=\"PROTEZIONE DEI DATI - GMVV &amp; Co. GmbH - STRATEGIC THINK TANK COMPANY \/ NGO \/ GOVERNMMENT\" \/>\n<meta property=\"og:description\" content=\"PROTEZIONE DEI DATI GMVV &amp; Co. GmbH si \u00e8 impegnata a proteggere il pi\u00f9 possibile la privacy dei propri clienti anche prima dell&#8217;entrata in vigore del regolamento generale sulla protezione dei dati (RGPD). Ci\u00f2 include in particolare la protezione dei dati personali. I dati personali ottenuti nell&#8217;ambito delle attivit\u00e0 di GMVV &amp; Co. GmbH sono [&hellip;]\" \/>\n<meta property=\"og:url\" content=\"https:\/\/gmvv.eu\/it\/data-protection-policy\" \/>\n<meta property=\"og:site_name\" content=\"GMVV &amp; Co. GmbH - STRATEGIC THINK TANK COMPANY \/ NGO \/ GOVERNMMENT\" \/>\n<meta property=\"article:modified_time\" content=\"2018-06-25T13:09:59+00:00\" \/>\n<meta name=\"twitter:card\" content=\"summary_large_image\" \/>\n<meta name=\"twitter:label1\" content=\"Tempo di lettura stimato\" \/>\n\t<meta name=\"twitter:data1\" content=\"10 minuti\" \/>\n<script type=\"application\/ld+json\" class=\"yoast-schema-graph\">{\"@context\":\"https:\/\/schema.org\",\"@graph\":[{\"@type\":\"WebPage\",\"@id\":\"https:\/\/gmvv.eu\/it\/data-protection-policy\",\"url\":\"https:\/\/gmvv.eu\/it\/data-protection-policy\",\"name\":\"PROTEZIONE DEI DATI - GMVV &amp; Co. GmbH - STRATEGIC THINK TANK COMPANY \/ NGO \/ GOVERNMMENT\",\"isPartOf\":{\"@id\":\"https:\/\/gmvv.eu\/#website\"},\"datePublished\":\"2018-06-01T12:52:01+00:00\",\"dateModified\":\"2018-06-25T13:09:59+00:00\",\"breadcrumb\":{\"@id\":\"https:\/\/gmvv.eu\/it\/data-protection-policy#breadcrumb\"},\"inLanguage\":\"it-IT\",\"potentialAction\":[{\"@type\":\"ReadAction\",\"target\":[\"https:\/\/gmvv.eu\/it\/data-protection-policy\"]}]},{\"@type\":\"BreadcrumbList\",\"@id\":\"https:\/\/gmvv.eu\/it\/data-protection-policy#breadcrumb\",\"itemListElement\":[{\"@type\":\"ListItem\",\"position\":1,\"name\":\"Startseite\",\"item\":\"https:\/\/gmvv.eu\/it\"},{\"@type\":\"ListItem\",\"position\":2,\"name\":\"PROTEZIONE DEI DATI\"}]},{\"@type\":\"WebSite\",\"@id\":\"https:\/\/gmvv.eu\/#website\",\"url\":\"https:\/\/gmvv.eu\/\",\"name\":\"GMVV &amp; Co. GmbH - STRATEGIC THINK TANK COMPANY \/ NGO \/ GOVERNMMENT\",\"description\":\"\",\"potentialAction\":[{\"@type\":\"SearchAction\",\"target\":{\"@type\":\"EntryPoint\",\"urlTemplate\":\"https:\/\/gmvv.eu\/?s={search_term_string}\"},\"query-input\":\"required name=search_term_string\"}],\"inLanguage\":\"it-IT\"}]}<\/script>\n<!-- \/ Yoast SEO plugin. -->","yoast_head_json":{"title":"PROTEZIONE DEI DATI - GMVV &amp; Co. GmbH - STRATEGIC THINK TANK COMPANY \/ NGO \/ GOVERNMMENT","robots":{"index":"index","follow":"follow","max-snippet":"max-snippet:-1","max-image-preview":"max-image-preview:large","max-video-preview":"max-video-preview:-1"},"canonical":"https:\/\/gmvv.eu\/it\/data-protection-policy","og_locale":"it_IT","og_type":"article","og_title":"PROTEZIONE DEI DATI - GMVV &amp; Co. GmbH - STRATEGIC THINK TANK COMPANY \/ NGO \/ GOVERNMMENT","og_description":"PROTEZIONE DEI DATI GMVV &amp; Co. GmbH si \u00e8 impegnata a proteggere il pi\u00f9 possibile la privacy dei propri clienti anche prima dell&#8217;entrata in vigore del regolamento generale sulla protezione dei dati (RGPD). Ci\u00f2 include in particolare la protezione dei dati personali. I dati personali ottenuti nell&#8217;ambito delle attivit\u00e0 di GMVV &amp; Co. GmbH sono [&hellip;]","og_url":"https:\/\/gmvv.eu\/it\/data-protection-policy","og_site_name":"GMVV &amp; Co. GmbH - STRATEGIC THINK TANK COMPANY \/ NGO \/ GOVERNMMENT","article_modified_time":"2018-06-25T13:09:59+00:00","twitter_card":"summary_large_image","twitter_misc":{"Tempo di lettura stimato":"10 minuti"},"schema":{"@context":"https:\/\/schema.org","@graph":[{"@type":"WebPage","@id":"https:\/\/gmvv.eu\/it\/data-protection-policy","url":"https:\/\/gmvv.eu\/it\/data-protection-policy","name":"PROTEZIONE DEI DATI - GMVV &amp; Co. GmbH - STRATEGIC THINK TANK COMPANY \/ NGO \/ GOVERNMMENT","isPartOf":{"@id":"https:\/\/gmvv.eu\/#website"},"datePublished":"2018-06-01T12:52:01+00:00","dateModified":"2018-06-25T13:09:59+00:00","breadcrumb":{"@id":"https:\/\/gmvv.eu\/it\/data-protection-policy#breadcrumb"},"inLanguage":"it-IT","potentialAction":[{"@type":"ReadAction","target":["https:\/\/gmvv.eu\/it\/data-protection-policy"]}]},{"@type":"BreadcrumbList","@id":"https:\/\/gmvv.eu\/it\/data-protection-policy#breadcrumb","itemListElement":[{"@type":"ListItem","position":1,"name":"Startseite","item":"https:\/\/gmvv.eu\/it"},{"@type":"ListItem","position":2,"name":"PROTEZIONE DEI DATI"}]},{"@type":"WebSite","@id":"https:\/\/gmvv.eu\/#website","url":"https:\/\/gmvv.eu\/","name":"GMVV &amp; Co. GmbH - STRATEGIC THINK TANK COMPANY \/ NGO \/ GOVERNMMENT","description":"","potentialAction":[{"@type":"SearchAction","target":{"@type":"EntryPoint","urlTemplate":"https:\/\/gmvv.eu\/?s={search_term_string}"},"query-input":"required name=search_term_string"}],"inLanguage":"it-IT"}]}},"_links":{"self":[{"href":"https:\/\/gmvv.eu\/it\/wp-json\/wp\/v2\/pages\/353"}],"collection":[{"href":"https:\/\/gmvv.eu\/it\/wp-json\/wp\/v2\/pages"}],"about":[{"href":"https:\/\/gmvv.eu\/it\/wp-json\/wp\/v2\/types\/page"}],"author":[{"embeddable":true,"href":"https:\/\/gmvv.eu\/it\/wp-json\/wp\/v2\/users\/2"}],"replies":[{"embeddable":true,"href":"https:\/\/gmvv.eu\/it\/wp-json\/wp\/v2\/comments?post=353"}],"version-history":[{"count":5,"href":"https:\/\/gmvv.eu\/it\/wp-json\/wp\/v2\/pages\/353\/revisions"}],"predecessor-version":[{"id":402,"href":"https:\/\/gmvv.eu\/it\/wp-json\/wp\/v2\/pages\/353\/revisions\/402"}],"wp:attachment":[{"href":"https:\/\/gmvv.eu\/it\/wp-json\/wp\/v2\/media?parent=353"}],"curies":[{"name":"wp","href":"https:\/\/api.w.org\/{rel}","templated":true}]}}