{"id":301,"date":"2017-05-08T13:00:15","date_gmt":"2017-05-08T11:00:15","guid":{"rendered":"https:\/\/gmvv.eu\/le-aree-di-consulenza\/ngos-und-regierungsorganisationen"},"modified":"2017-05-17T22:25:39","modified_gmt":"2017-05-17T20:25:39","slug":"nelle-ong-organizzazioni-non-governative","status":"publish","type":"page","link":"https:\/\/gmvv.eu\/it\/le-aree-di-consulenza\/nelle-ong-organizzazioni-non-governative","title":{"rendered":"Nelle ONG &#8211; Organizzazioni Non Governative"},"content":{"rendered":"<h2>Nelle ONG &#8211; Organizzazioni Non Governative<\/h2>\n<p>In politica, le decisioni prese in organizzazioni governative o non governative sono costantemente sotto l\u2019occhio vigile dell\u2019opinione pubblica e sono spesso oggetto di controversie. Tutto ci\u00f2 \u00e8 maggiormente vero quando riguarda rischi o svantaggi per certi gruppi di persone. In tali contesti una semplice analisi costi-benefici porta a decisioni deboli, visto che inevitabilmente esse non tengono in considerazioni svariati fattori.<\/p>\n<p>La decisione di liberalizzare e deregolamentare i mercati finanziari avvenuta negli anni \u201990 era basata su un\u2019aspettativa di massimizzazione del profitto finanziario e della crescita economica. In realt\u00e0, una decisione che \u00e8 focalizzata esclusivamente sulla massimizzazione di qualche fattore, pu\u00f2 portare a una significativa perdita in termini di sostenibilit\u00e0 e la sottovalutazione di possibili e gi\u00e0 conosciuti rischi.<\/p>\n<p><strong>Sviluppo di scenari sostenibili<\/strong><br \/>\nI processi di decisione in contesti complessi, come ad esempio nel caso delle valutazioni dei rischi ambientali, necessitano della creazione di scenari comparativi in grado di evidenziare i rischi inevitabili, guardandoli da varie prospettive. La presa in considerazione di tali rischi pu\u00f2 aiutare il processo decisorio, che non si focalizza sulla massimizzazione di un risultato, ma al contrario d\u00e0 prova di essere in grado di gestire vari rischi e incertezze residuali. Dal nostro punto di vista risultati ottimali a lungo termine possono essere raggiunti solo mediante lo sviluppo di scenari stabili e adattabili di volta in volta alle pi\u00f9 svariate situazioni, anche nel caso i cui si verifichino nuovi fattori e rischi.<\/p>\n","protected":false},"excerpt":{"rendered":"<p>Nelle ONG &#8211; Organizzazioni Non Governative In politica, le decisioni prese in organizzazioni governative o non governative sono costantemente sotto l\u2019occhio vigile dell\u2019opinione pubblica e sono spesso oggetto di controversie. Tutto ci\u00f2 \u00e8 maggiormente vero quando riguarda rischi o svantaggi per certi gruppi di persone. In tali contesti una semplice analisi costi-benefici porta a decisioni [&hellip;]<\/p>\n","protected":false},"author":1,"featured_media":94,"parent":279,"menu_order":0,"comment_status":"closed","ping_status":"closed","template":"page-fields.php","meta":[],"acf":[],"yoast_head":"<!-- This site is optimized with the Yoast SEO plugin v20.1 - https:\/\/yoast.com\/wordpress\/plugins\/seo\/ -->\n<title>Nelle ONG - Organizzazioni Non Governative - GMVV &amp; Co. GmbH - STRATEGIC THINK TANK COMPANY \/ NGO \/ GOVERNMMENT<\/title>\n<meta name=\"robots\" content=\"index, follow, max-snippet:-1, max-image-preview:large, max-video-preview:-1\" \/>\n<link rel=\"canonical\" href=\"https:\/\/gmvv.eu\/it\/le-aree-di-consulenza\/nelle-ong-organizzazioni-non-governative\" \/>\n<meta property=\"og:locale\" content=\"it_IT\" \/>\n<meta property=\"og:type\" content=\"article\" \/>\n<meta property=\"og:title\" content=\"Nelle ONG - Organizzazioni Non Governative - GMVV &amp; Co. GmbH - STRATEGIC THINK TANK COMPANY \/ NGO \/ GOVERNMMENT\" \/>\n<meta property=\"og:description\" content=\"Nelle ONG &#8211; Organizzazioni Non Governative In politica, le decisioni prese in organizzazioni governative o non governative sono costantemente sotto l\u2019occhio vigile dell\u2019opinione pubblica e sono spesso oggetto di controversie. Tutto ci\u00f2 \u00e8 maggiormente vero quando riguarda rischi o svantaggi per certi gruppi di persone. In tali contesti una semplice analisi costi-benefici porta a decisioni [&hellip;]\" \/>\n<meta property=\"og:url\" content=\"https:\/\/gmvv.eu\/it\/le-aree-di-consulenza\/nelle-ong-organizzazioni-non-governative\" \/>\n<meta property=\"og:site_name\" content=\"GMVV &amp; Co. GmbH - STRATEGIC THINK TANK COMPANY \/ NGO \/ GOVERNMMENT\" \/>\n<meta property=\"article:modified_time\" content=\"2017-05-17T20:25:39+00:00\" \/>\n<meta property=\"og:image\" content=\"https:\/\/gmvv.eu\/wp-content\/uploads\/2017\/05\/02_Unternehmungsfuehrung.jpg\" \/>\n\t<meta property=\"og:image:width\" content=\"1800\" \/>\n\t<meta property=\"og:image:height\" content=\"350\" \/>\n\t<meta property=\"og:image:type\" content=\"image\/jpeg\" \/>\n<meta name=\"twitter:card\" content=\"summary_large_image\" \/>\n<meta name=\"twitter:label1\" content=\"Tempo di lettura stimato\" \/>\n\t<meta name=\"twitter:data1\" content=\"1 minuto\" \/>\n<script type=\"application\/ld+json\" class=\"yoast-schema-graph\">{\"@context\":\"https:\/\/schema.org\",\"@graph\":[{\"@type\":\"WebPage\",\"@id\":\"https:\/\/gmvv.eu\/it\/le-aree-di-consulenza\/nelle-ong-organizzazioni-non-governative\",\"url\":\"https:\/\/gmvv.eu\/it\/le-aree-di-consulenza\/nelle-ong-organizzazioni-non-governative\",\"name\":\"Nelle ONG - Organizzazioni Non Governative - GMVV &amp; Co. GmbH - STRATEGIC THINK TANK COMPANY \/ NGO \/ GOVERNMMENT\",\"isPartOf\":{\"@id\":\"https:\/\/gmvv.eu\/#website\"},\"datePublished\":\"2017-05-08T11:00:15+00:00\",\"dateModified\":\"2017-05-17T20:25:39+00:00\",\"breadcrumb\":{\"@id\":\"https:\/\/gmvv.eu\/it\/le-aree-di-consulenza\/nelle-ong-organizzazioni-non-governative#breadcrumb\"},\"inLanguage\":\"it-IT\",\"potentialAction\":[{\"@type\":\"ReadAction\",\"target\":[\"https:\/\/gmvv.eu\/it\/le-aree-di-consulenza\/nelle-ong-organizzazioni-non-governative\"]}]},{\"@type\":\"BreadcrumbList\",\"@id\":\"https:\/\/gmvv.eu\/it\/le-aree-di-consulenza\/nelle-ong-organizzazioni-non-governative#breadcrumb\",\"itemListElement\":[{\"@type\":\"ListItem\",\"position\":1,\"name\":\"Startseite\",\"item\":\"https:\/\/gmvv.eu\/it\"},{\"@type\":\"ListItem\",\"position\":2,\"name\":\"LE AREE DI CONSULENZA\",\"item\":\"https:\/\/gmvv.eu\/it\/le-aree-di-consulenza\"},{\"@type\":\"ListItem\",\"position\":3,\"name\":\"Nelle ONG &#8211; Organizzazioni Non Governative\"}]},{\"@type\":\"WebSite\",\"@id\":\"https:\/\/gmvv.eu\/#website\",\"url\":\"https:\/\/gmvv.eu\/\",\"name\":\"GMVV &amp; Co. GmbH - STRATEGIC THINK TANK COMPANY \/ NGO \/ GOVERNMMENT\",\"description\":\"\",\"potentialAction\":[{\"@type\":\"SearchAction\",\"target\":{\"@type\":\"EntryPoint\",\"urlTemplate\":\"https:\/\/gmvv.eu\/?s={search_term_string}\"},\"query-input\":\"required name=search_term_string\"}],\"inLanguage\":\"it-IT\"}]}<\/script>\n<!-- \/ Yoast SEO plugin. -->","yoast_head_json":{"title":"Nelle ONG - Organizzazioni Non Governative - GMVV &amp; Co. GmbH - STRATEGIC THINK TANK COMPANY \/ NGO \/ GOVERNMMENT","robots":{"index":"index","follow":"follow","max-snippet":"max-snippet:-1","max-image-preview":"max-image-preview:large","max-video-preview":"max-video-preview:-1"},"canonical":"https:\/\/gmvv.eu\/it\/le-aree-di-consulenza\/nelle-ong-organizzazioni-non-governative","og_locale":"it_IT","og_type":"article","og_title":"Nelle ONG - Organizzazioni Non Governative - GMVV &amp; Co. GmbH - STRATEGIC THINK TANK COMPANY \/ NGO \/ GOVERNMMENT","og_description":"Nelle ONG &#8211; Organizzazioni Non Governative In politica, le decisioni prese in organizzazioni governative o non governative sono costantemente sotto l\u2019occhio vigile dell\u2019opinione pubblica e sono spesso oggetto di controversie. Tutto ci\u00f2 \u00e8 maggiormente vero quando riguarda rischi o svantaggi per certi gruppi di persone. In tali contesti una semplice analisi costi-benefici porta a decisioni [&hellip;]","og_url":"https:\/\/gmvv.eu\/it\/le-aree-di-consulenza\/nelle-ong-organizzazioni-non-governative","og_site_name":"GMVV &amp; Co. GmbH - STRATEGIC THINK TANK COMPANY \/ NGO \/ GOVERNMMENT","article_modified_time":"2017-05-17T20:25:39+00:00","og_image":[{"width":1800,"height":350,"url":"https:\/\/gmvv.eu\/wp-content\/uploads\/2017\/05\/02_Unternehmungsfuehrung.jpg","type":"image\/jpeg"}],"twitter_card":"summary_large_image","twitter_misc":{"Tempo di lettura stimato":"1 minuto"},"schema":{"@context":"https:\/\/schema.org","@graph":[{"@type":"WebPage","@id":"https:\/\/gmvv.eu\/it\/le-aree-di-consulenza\/nelle-ong-organizzazioni-non-governative","url":"https:\/\/gmvv.eu\/it\/le-aree-di-consulenza\/nelle-ong-organizzazioni-non-governative","name":"Nelle ONG - Organizzazioni Non Governative - GMVV &amp; Co. GmbH - STRATEGIC THINK TANK COMPANY \/ NGO \/ GOVERNMMENT","isPartOf":{"@id":"https:\/\/gmvv.eu\/#website"},"datePublished":"2017-05-08T11:00:15+00:00","dateModified":"2017-05-17T20:25:39+00:00","breadcrumb":{"@id":"https:\/\/gmvv.eu\/it\/le-aree-di-consulenza\/nelle-ong-organizzazioni-non-governative#breadcrumb"},"inLanguage":"it-IT","potentialAction":[{"@type":"ReadAction","target":["https:\/\/gmvv.eu\/it\/le-aree-di-consulenza\/nelle-ong-organizzazioni-non-governative"]}]},{"@type":"BreadcrumbList","@id":"https:\/\/gmvv.eu\/it\/le-aree-di-consulenza\/nelle-ong-organizzazioni-non-governative#breadcrumb","itemListElement":[{"@type":"ListItem","position":1,"name":"Startseite","item":"https:\/\/gmvv.eu\/it"},{"@type":"ListItem","position":2,"name":"LE AREE DI CONSULENZA","item":"https:\/\/gmvv.eu\/it\/le-aree-di-consulenza"},{"@type":"ListItem","position":3,"name":"Nelle ONG &#8211; Organizzazioni Non Governative"}]},{"@type":"WebSite","@id":"https:\/\/gmvv.eu\/#website","url":"https:\/\/gmvv.eu\/","name":"GMVV &amp; Co. GmbH - STRATEGIC THINK TANK COMPANY \/ NGO \/ GOVERNMMENT","description":"","potentialAction":[{"@type":"SearchAction","target":{"@type":"EntryPoint","urlTemplate":"https:\/\/gmvv.eu\/?s={search_term_string}"},"query-input":"required name=search_term_string"}],"inLanguage":"it-IT"}]}},"_links":{"self":[{"href":"https:\/\/gmvv.eu\/it\/wp-json\/wp\/v2\/pages\/301"}],"collection":[{"href":"https:\/\/gmvv.eu\/it\/wp-json\/wp\/v2\/pages"}],"about":[{"href":"https:\/\/gmvv.eu\/it\/wp-json\/wp\/v2\/types\/page"}],"author":[{"embeddable":true,"href":"https:\/\/gmvv.eu\/it\/wp-json\/wp\/v2\/users\/1"}],"replies":[{"embeddable":true,"href":"https:\/\/gmvv.eu\/it\/wp-json\/wp\/v2\/comments?post=301"}],"version-history":[{"count":3,"href":"https:\/\/gmvv.eu\/it\/wp-json\/wp\/v2\/pages\/301\/revisions"}],"predecessor-version":[{"id":304,"href":"https:\/\/gmvv.eu\/it\/wp-json\/wp\/v2\/pages\/301\/revisions\/304"}],"up":[{"embeddable":true,"href":"https:\/\/gmvv.eu\/it\/wp-json\/wp\/v2\/pages\/279"}],"wp:featuredmedia":[{"embeddable":true,"href":"https:\/\/gmvv.eu\/it\/wp-json\/wp\/v2\/media\/94"}],"wp:attachment":[{"href":"https:\/\/gmvv.eu\/it\/wp-json\/wp\/v2\/media?parent=301"}],"curies":[{"name":"wp","href":"https:\/\/api.w.org\/{rel}","templated":true}]}}