{"id":289,"date":"2017-05-08T13:05:58","date_gmt":"2017-05-08T11:05:58","guid":{"rendered":"https:\/\/gmvv.eu\/le-aree-di-consulenza\/finanz-und-budgetplanung-controlling-und-compliance"},"modified":"2017-05-17T22:27:09","modified_gmt":"2017-05-17T20:27:09","slug":"pianificazione-finanziaria-controlling-and-compliance","status":"publish","type":"page","link":"https:\/\/gmvv.eu\/it\/le-aree-di-consulenza\/pianificazione-finanziaria-controlling-and-compliance","title":{"rendered":"PIANIFICAZIONE FINANZIARIA, CONTROLLING AND COMPLIANCE"},"content":{"rendered":"<h2>PIANIFICAZIONE FINANZIARIA, CONTROLLING AND COMPLIANCE<\/h2>\n<p>Per raggiungere gli obiettivi aziendali, lo sviluppo della giusta strategia di pianificazione e di controllo dei costi \u00e8 di vitale importanza. La strada che porta al successo necessita di un\u2019analisi accurata dei dati disponibili, per la cui elaborazione in realt\u00e0 il tempo non \u00e8 mai sufficiente. E tuttavia \u00e8  solo questo tipo di analisi che permette di introdurre o di ottimizzare un sistema di pianificazione e di controllo di gestione.<\/p>\n<p>Con la nostra pluriennale esperienza e la competenza acquisita possiamo supportarti nella gestione strategica della tua azienda e nell\u2019implementazione di un sistema di controllo e di monitoraggio della compliance, per permetterti di raggiungere con successo gli obiettivi della tua organizzazione.<\/p>\n","protected":false},"excerpt":{"rendered":"<p>PIANIFICAZIONE FINANZIARIA, CONTROLLING AND COMPLIANCE Per raggiungere gli obiettivi aziendali, lo sviluppo della giusta strategia di pianificazione e di controllo dei costi \u00e8 di vitale importanza. La strada che porta al successo necessita di un\u2019analisi accurata dei dati disponibili, per la cui elaborazione in realt\u00e0 il tempo non \u00e8 mai sufficiente. E tuttavia \u00e8 solo [&hellip;]<\/p>\n","protected":false},"author":1,"featured_media":116,"parent":279,"menu_order":0,"comment_status":"closed","ping_status":"closed","template":"page-fields.php","meta":[],"acf":[],"yoast_head":"<!-- This site is optimized with the Yoast SEO plugin v20.1 - https:\/\/yoast.com\/wordpress\/plugins\/seo\/ -->\n<title>PIANIFICAZIONE FINANZIARIA, CONTROLLING AND COMPLIANCE - GMVV &amp; Co. GmbH - STRATEGIC THINK TANK COMPANY \/ NGO \/ GOVERNMMENT<\/title>\n<meta name=\"robots\" content=\"index, follow, max-snippet:-1, max-image-preview:large, max-video-preview:-1\" \/>\n<link rel=\"canonical\" href=\"https:\/\/gmvv.eu\/it\/le-aree-di-consulenza\/pianificazione-finanziaria-controlling-and-compliance\" \/>\n<meta property=\"og:locale\" content=\"it_IT\" \/>\n<meta property=\"og:type\" content=\"article\" \/>\n<meta property=\"og:title\" content=\"PIANIFICAZIONE FINANZIARIA, CONTROLLING AND COMPLIANCE - GMVV &amp; Co. GmbH - STRATEGIC THINK TANK COMPANY \/ NGO \/ GOVERNMMENT\" \/>\n<meta property=\"og:description\" content=\"PIANIFICAZIONE FINANZIARIA, CONTROLLING AND COMPLIANCE Per raggiungere gli obiettivi aziendali, lo sviluppo della giusta strategia di pianificazione e di controllo dei costi \u00e8 di vitale importanza. La strada che porta al successo necessita di un\u2019analisi accurata dei dati disponibili, per la cui elaborazione in realt\u00e0 il tempo non \u00e8 mai sufficiente. E tuttavia \u00e8 solo [&hellip;]\" \/>\n<meta property=\"og:url\" content=\"https:\/\/gmvv.eu\/it\/le-aree-di-consulenza\/pianificazione-finanziaria-controlling-and-compliance\" \/>\n<meta property=\"og:site_name\" content=\"GMVV &amp; Co. GmbH - STRATEGIC THINK TANK COMPANY \/ NGO \/ GOVERNMMENT\" \/>\n<meta property=\"article:modified_time\" content=\"2017-05-17T20:27:09+00:00\" \/>\n<meta property=\"og:image\" content=\"https:\/\/gmvv.eu\/wp-content\/uploads\/2017\/05\/04_Finanzen.jpg\" \/>\n\t<meta property=\"og:image:width\" content=\"1800\" \/>\n\t<meta property=\"og:image:height\" content=\"350\" \/>\n\t<meta property=\"og:image:type\" content=\"image\/jpeg\" \/>\n<meta name=\"twitter:card\" content=\"summary_large_image\" \/>\n<meta name=\"twitter:label1\" content=\"Tempo di lettura stimato\" \/>\n\t<meta name=\"twitter:data1\" content=\"1 minuto\" \/>\n<script type=\"application\/ld+json\" class=\"yoast-schema-graph\">{\"@context\":\"https:\/\/schema.org\",\"@graph\":[{\"@type\":\"WebPage\",\"@id\":\"https:\/\/gmvv.eu\/it\/le-aree-di-consulenza\/pianificazione-finanziaria-controlling-and-compliance\",\"url\":\"https:\/\/gmvv.eu\/it\/le-aree-di-consulenza\/pianificazione-finanziaria-controlling-and-compliance\",\"name\":\"PIANIFICAZIONE FINANZIARIA, CONTROLLING AND COMPLIANCE - GMVV &amp; Co. GmbH - STRATEGIC THINK TANK COMPANY \/ NGO \/ GOVERNMMENT\",\"isPartOf\":{\"@id\":\"https:\/\/gmvv.eu\/#website\"},\"datePublished\":\"2017-05-08T11:05:58+00:00\",\"dateModified\":\"2017-05-17T20:27:09+00:00\",\"breadcrumb\":{\"@id\":\"https:\/\/gmvv.eu\/it\/le-aree-di-consulenza\/pianificazione-finanziaria-controlling-and-compliance#breadcrumb\"},\"inLanguage\":\"it-IT\",\"potentialAction\":[{\"@type\":\"ReadAction\",\"target\":[\"https:\/\/gmvv.eu\/it\/le-aree-di-consulenza\/pianificazione-finanziaria-controlling-and-compliance\"]}]},{\"@type\":\"BreadcrumbList\",\"@id\":\"https:\/\/gmvv.eu\/it\/le-aree-di-consulenza\/pianificazione-finanziaria-controlling-and-compliance#breadcrumb\",\"itemListElement\":[{\"@type\":\"ListItem\",\"position\":1,\"name\":\"Startseite\",\"item\":\"https:\/\/gmvv.eu\/it\"},{\"@type\":\"ListItem\",\"position\":2,\"name\":\"LE AREE DI CONSULENZA\",\"item\":\"https:\/\/gmvv.eu\/it\/le-aree-di-consulenza\"},{\"@type\":\"ListItem\",\"position\":3,\"name\":\"PIANIFICAZIONE FINANZIARIA, CONTROLLING AND COMPLIANCE\"}]},{\"@type\":\"WebSite\",\"@id\":\"https:\/\/gmvv.eu\/#website\",\"url\":\"https:\/\/gmvv.eu\/\",\"name\":\"GMVV &amp; Co. GmbH - STRATEGIC THINK TANK COMPANY \/ NGO \/ GOVERNMMENT\",\"description\":\"\",\"potentialAction\":[{\"@type\":\"SearchAction\",\"target\":{\"@type\":\"EntryPoint\",\"urlTemplate\":\"https:\/\/gmvv.eu\/?s={search_term_string}\"},\"query-input\":\"required name=search_term_string\"}],\"inLanguage\":\"it-IT\"}]}<\/script>\n<!-- \/ Yoast SEO plugin. -->","yoast_head_json":{"title":"PIANIFICAZIONE FINANZIARIA, CONTROLLING AND COMPLIANCE - GMVV &amp; Co. GmbH - STRATEGIC THINK TANK COMPANY \/ NGO \/ GOVERNMMENT","robots":{"index":"index","follow":"follow","max-snippet":"max-snippet:-1","max-image-preview":"max-image-preview:large","max-video-preview":"max-video-preview:-1"},"canonical":"https:\/\/gmvv.eu\/it\/le-aree-di-consulenza\/pianificazione-finanziaria-controlling-and-compliance","og_locale":"it_IT","og_type":"article","og_title":"PIANIFICAZIONE FINANZIARIA, CONTROLLING AND COMPLIANCE - GMVV &amp; Co. GmbH - STRATEGIC THINK TANK COMPANY \/ NGO \/ GOVERNMMENT","og_description":"PIANIFICAZIONE FINANZIARIA, CONTROLLING AND COMPLIANCE Per raggiungere gli obiettivi aziendali, lo sviluppo della giusta strategia di pianificazione e di controllo dei costi \u00e8 di vitale importanza. La strada che porta al successo necessita di un\u2019analisi accurata dei dati disponibili, per la cui elaborazione in realt\u00e0 il tempo non \u00e8 mai sufficiente. E tuttavia \u00e8 solo [&hellip;]","og_url":"https:\/\/gmvv.eu\/it\/le-aree-di-consulenza\/pianificazione-finanziaria-controlling-and-compliance","og_site_name":"GMVV &amp; Co. GmbH - STRATEGIC THINK TANK COMPANY \/ NGO \/ GOVERNMMENT","article_modified_time":"2017-05-17T20:27:09+00:00","og_image":[{"width":1800,"height":350,"url":"https:\/\/gmvv.eu\/wp-content\/uploads\/2017\/05\/04_Finanzen.jpg","type":"image\/jpeg"}],"twitter_card":"summary_large_image","twitter_misc":{"Tempo di lettura stimato":"1 minuto"},"schema":{"@context":"https:\/\/schema.org","@graph":[{"@type":"WebPage","@id":"https:\/\/gmvv.eu\/it\/le-aree-di-consulenza\/pianificazione-finanziaria-controlling-and-compliance","url":"https:\/\/gmvv.eu\/it\/le-aree-di-consulenza\/pianificazione-finanziaria-controlling-and-compliance","name":"PIANIFICAZIONE FINANZIARIA, CONTROLLING AND COMPLIANCE - GMVV &amp; Co. GmbH - STRATEGIC THINK TANK COMPANY \/ NGO \/ GOVERNMMENT","isPartOf":{"@id":"https:\/\/gmvv.eu\/#website"},"datePublished":"2017-05-08T11:05:58+00:00","dateModified":"2017-05-17T20:27:09+00:00","breadcrumb":{"@id":"https:\/\/gmvv.eu\/it\/le-aree-di-consulenza\/pianificazione-finanziaria-controlling-and-compliance#breadcrumb"},"inLanguage":"it-IT","potentialAction":[{"@type":"ReadAction","target":["https:\/\/gmvv.eu\/it\/le-aree-di-consulenza\/pianificazione-finanziaria-controlling-and-compliance"]}]},{"@type":"BreadcrumbList","@id":"https:\/\/gmvv.eu\/it\/le-aree-di-consulenza\/pianificazione-finanziaria-controlling-and-compliance#breadcrumb","itemListElement":[{"@type":"ListItem","position":1,"name":"Startseite","item":"https:\/\/gmvv.eu\/it"},{"@type":"ListItem","position":2,"name":"LE AREE DI CONSULENZA","item":"https:\/\/gmvv.eu\/it\/le-aree-di-consulenza"},{"@type":"ListItem","position":3,"name":"PIANIFICAZIONE FINANZIARIA, CONTROLLING AND COMPLIANCE"}]},{"@type":"WebSite","@id":"https:\/\/gmvv.eu\/#website","url":"https:\/\/gmvv.eu\/","name":"GMVV &amp; Co. GmbH - STRATEGIC THINK TANK COMPANY \/ NGO \/ GOVERNMMENT","description":"","potentialAction":[{"@type":"SearchAction","target":{"@type":"EntryPoint","urlTemplate":"https:\/\/gmvv.eu\/?s={search_term_string}"},"query-input":"required name=search_term_string"}],"inLanguage":"it-IT"}]}},"_links":{"self":[{"href":"https:\/\/gmvv.eu\/it\/wp-json\/wp\/v2\/pages\/289"}],"collection":[{"href":"https:\/\/gmvv.eu\/it\/wp-json\/wp\/v2\/pages"}],"about":[{"href":"https:\/\/gmvv.eu\/it\/wp-json\/wp\/v2\/types\/page"}],"author":[{"embeddable":true,"href":"https:\/\/gmvv.eu\/it\/wp-json\/wp\/v2\/users\/1"}],"replies":[{"embeddable":true,"href":"https:\/\/gmvv.eu\/it\/wp-json\/wp\/v2\/comments?post=289"}],"version-history":[{"count":2,"href":"https:\/\/gmvv.eu\/it\/wp-json\/wp\/v2\/pages\/289\/revisions"}],"predecessor-version":[{"id":307,"href":"https:\/\/gmvv.eu\/it\/wp-json\/wp\/v2\/pages\/289\/revisions\/307"}],"up":[{"embeddable":true,"href":"https:\/\/gmvv.eu\/it\/wp-json\/wp\/v2\/pages\/279"}],"wp:featuredmedia":[{"embeddable":true,"href":"https:\/\/gmvv.eu\/it\/wp-json\/wp\/v2\/media\/116"}],"wp:attachment":[{"href":"https:\/\/gmvv.eu\/it\/wp-json\/wp\/v2\/media?parent=289"}],"curies":[{"name":"wp","href":"https:\/\/api.w.org\/{rel}","templated":true}]}}